{"id":3559,"date":"2024-10-03T09:57:05","date_gmt":"2024-10-03T14:57:05","guid":{"rendered":"https:\/\/lynxemissions.com\/politique-de-confidentialite\/"},"modified":"2025-09-17T14:24:37","modified_gmt":"2025-09-17T19:24:37","slug":"politique-de-confidentialite","status":"publish","type":"page","link":"https:\/\/lynxemissions.com\/fr\/politique-de-confidentialite\/","title":{"rendered":"Politique de confidentialit\u00e9"},"content":{"rendered":"\n<div class=\"wp-block-group is-layout-constrained wp-container-core-group-is-layout-15701bb7 wp-block-group-is-layout-constrained\">\n<div class=\"wp-block-group is-layout-constrained wp-block-group-is-layout-constrained\">\n<h1 class=\"wp-block-heading\">Politique de confidentialit\u00e9<\/h1>\n\n\n\n<p class=\"wp-block-paragraph\">Cette politique de confidentialit\u00e9 d\u00e9crit les pratiques de Lynx Emissions en mati\u00e8re de protection de la vie priv\u00e9e et s&rsquo;applique uniquement aux informations collect\u00e9es sur ce site web. Notre politique de confidentialit\u00e9 est \u00e9galement conforme \u00e0 la l\u00e9gislation canadienne anti-pourriel (CASL). Elle vous informera des \u00e9l\u00e9ments suivants :<br\/>\u200d  <\/p>\n\n\n\n<ul class=\"wp-block-list\">\n<li>Quelles informations personnelles identifiables sont collect\u00e9es aupr\u00e8s de vous par le biais du site web, comment elles sont utilis\u00e9es et avec qui elles peuvent \u00eatre partag\u00e9es.<\/li>\n\n\n\n<li>Comment les donn\u00e9es sont-elles utilis\u00e9es et avec qui peuvent-elles \u00eatre partag\u00e9es ?<\/li>\n\n\n\n<li>Les choix qui s&rsquo;offrent \u00e0 vous concernant l&rsquo;utilisation de vos donn\u00e9es<\/li>\n\n\n\n<li>les proc\u00e9dures de s\u00e9curit\u00e9 mises en place pour prot\u00e9ger vos informations contre toute utilisation abusive<\/li>\n\n\n\n<li>Comment vous pouvez corriger toute inexactitude dans les informations<\/li>\n<\/ul>\n<\/div>\n\n\n\n<div class=\"wp-block-group is-layout-constrained wp-block-group-is-layout-constrained\">\n<h2 class=\"wp-block-heading\">Collecte, utilisation et partage d&rsquo;informations<\/h2>\n\n\n\n<p class=\"wp-block-paragraph\">Nous sommes les seuls propri\u00e9taires des informations collect\u00e9es sur ce site. Nous n&rsquo;avons acc\u00e8s qu&rsquo;aux informations que vous nous communiquez volontairement par courrier \u00e9lectronique ou par le biais de nos formulaires de soumission en ligne. Nous ne vendrons, ne partagerons ni ne louerons ces informations \u00e0 personne.<br\/>\u200d<br\/>Nous utiliserons vos informations pour vous r\u00e9pondre, en fonction de la raison pour laquelle vous nous avez contact\u00e9s. Nous ne partagerons pas vos informations avec des tiers ext\u00e9rieurs \u00e0 notre organisation, sauf si cela est n\u00e9cessaire pour r\u00e9pondre \u00e0 votre demande.   <\/p>\n\n\n\n<p class=\"wp-block-paragraph\">Avec votre consentement, nous pourrons vous contacter par courrier \u00e9lectronique \u00e0 l&rsquo;avenir pour vous informer de nos offres sp\u00e9ciales, de nos nouveaux produits ou services, ou des modifications apport\u00e9es \u00e0 la pr\u00e9sente politique de protection de la vie priv\u00e9e. Vous pouvez \u00e0 tout moment choisir de ne plus \u00eatre contact\u00e9 par nous. <\/p>\n<\/div>\n\n\n\n<div class=\"wp-block-group is-layout-constrained wp-block-group-is-layout-constrained\">\n<h2 class=\"wp-block-heading\">Votre acc\u00e8s et votre contr\u00f4le sur les informations<\/h2>\n\n\n\n<p class=\"wp-block-paragraph\">Vous pouvez le faire \u00e0 tout moment en nous contactant par l&rsquo;interm\u00e9diaire de l&rsquo;adresse \u00e9lectronique ou du num\u00e9ro de t\u00e9l\u00e9phone figurant sur notre site web :<\/p>\n\n\n\n<ul class=\"wp-block-list\">\n<li>Voir quelles sont les donn\u00e9es dont nous disposons \u00e0 votre sujet, le cas \u00e9ch\u00e9ant.<\/li>\n\n\n\n<li>Modifier\/corriger les donn\u00e9es que nous d\u00e9tenons \u00e0 votre sujet.<\/li>\n\n\n\n<li>Nous demander de supprimer toutes les informations de contact que nous poss\u00e9dons \u00e0 votre sujet.<\/li>\n\n\n\n<li>Exprimer toute pr\u00e9occupation concernant l&rsquo;utilisation que nous faisons de vos donn\u00e9es.<\/li>\n<\/ul>\n<\/div>\n\n\n\n<div class=\"wp-block-group is-layout-constrained wp-block-group-is-layout-constrained\">\n<h2 class=\"wp-block-heading\">S\u00e9curit\u00e9<\/h2>\n\n\n\n<p class=\"wp-block-paragraph\">Nous prenons des pr\u00e9cautions pour prot\u00e9ger vos informations. Lorsque vous soumettez des informations sur notre site web, celles-ci sont prot\u00e9g\u00e9es \u00e0 la fois en ligne et hors ligne. Nous utilisons le cryptage pour prot\u00e9ger les informations sensibles transmises en ligne, mais nous prot\u00e9geons \u00e9galement vos informations hors ligne. Seuls les employ\u00e9s qui ont besoin de ces informations pour effectuer un travail sp\u00e9cifique (par exemple, la facturation ou le service client\u00e8le) ont acc\u00e8s aux informations personnelles identifiables. Les ordinateurs\/serveurs dans lesquels nous stockons les informations personnellement identifiables sont conserv\u00e9s dans un environnement s\u00e9curis\u00e9.    <\/p>\n<\/div>\n\n\n\n<div class=\"wp-block-group is-layout-constrained wp-block-group-is-layout-constrained\">\n<h2 class=\"wp-block-heading\">Mises \u00e0 jour<\/h2>\n\n\n\n<p class=\"wp-block-paragraph\">Notre politique de confidentialit\u00e9 peut \u00eatre modifi\u00e9e de temps \u00e0 autre et toutes les mises \u00e0 jour seront publi\u00e9es sur cette page. Si vous estimez que nous ne respectons pas cette politique de confidentialit\u00e9, vous devez nous contacter. <\/p>\n<\/div>\n\n\n\n<div class=\"wp-block-group is-layout-constrained wp-block-group-is-layout-constrained\">\n<h2 class=\"wp-block-heading\">Liens<\/h2>\n\n\n\n<p class=\"wp-block-paragraph\">Ce site web contient des liens vers d&rsquo;autres sites. Veuillez noter que nous ne sommes pas responsables du contenu ou des pratiques en mati\u00e8re de protection de la vie priv\u00e9e de ces autres sites. Nous encourageons nos utilisateurs \u00e0 \u00eatre attentifs lorsqu&rsquo;ils quittent notre site et \u00e0 lire les d\u00e9clarations de confidentialit\u00e9 de tout autre site qui recueille des informations personnellement identifiables.  <\/p>\n<\/div>\n\n\n\n<div class=\"wp-block-group is-layout-constrained wp-block-group-is-layout-constrained\">\n<h2 class=\"wp-block-heading\">Politique de confidentialit\u00e9 du SMS<\/h2>\n\n\n\n<p class=\"wp-block-paragraph\">Aucune information mobile ne sera communiqu\u00e9e \u00e0 des tiers\/affili\u00e9s \u00e0 des fins de marketing\/promotion. Toutes les autres cat\u00e9gories excluent les donn\u00e9es et le consentement de l&rsquo;exp\u00e9diteur de la messagerie textuelle ; ces informations ne seront pas partag\u00e9es avec des tiers. <\/p>\n<\/div>\n<\/div>\n","protected":false},"excerpt":{"rendered":"<p>Politique de confidentialit\u00e9 Cette politique de confidentialit\u00e9 d\u00e9crit les pratiques de Lynx Emissions en mati\u00e8re de protection de la vie [&hellip;]<\/p>\n","protected":false},"author":253621833,"featured_media":0,"parent":0,"menu_order":0,"comment_status":"closed","ping_status":"closed","template":"","meta":{"_crdt_document":"","content-type":"","site-sidebar-layout":"default","site-content-layout":"","ast-site-content-layout":"","site-content-style":"default","site-sidebar-style":"default","ast-global-header-display":"","ast-banner-title-visibility":"","ast-main-header-display":"","ast-hfb-above-header-display":"","ast-hfb-below-header-display":"","ast-hfb-mobile-header-display":"","site-post-title":"","ast-breadcrumbs-content":"","ast-featured-img":"","footer-sml-layout":"","theme-transparent-header-meta":"","adv-header-id-meta":"","stick-header-meta":"","header-above-stick-meta":"","header-main-stick-meta":"","header-below-stick-meta":"","astra-migrate-meta-layouts":"default","ast-page-background-enabled":"default","ast-page-background-meta":{"desktop":{"background-color":"var(--ast-global-color-4)","background-image":"","background-repeat":"repeat","background-position":"center center","background-size":"auto","background-attachment":"scroll","background-type":"","background-media":"","overlay-type":"","overlay-color":"","overlay-opacity":"","overlay-gradient":""},"tablet":{"background-color":"","background-image":"","background-repeat":"repeat","background-position":"center center","background-size":"auto","background-attachment":"scroll","background-type":"","background-media":"","overlay-type":"","overlay-color":"","overlay-opacity":"","overlay-gradient":""},"mobile":{"background-color":"","background-image":"","background-repeat":"repeat","background-position":"center center","background-size":"auto","background-attachment":"scroll","background-type":"","background-media":"","overlay-type":"","overlay-color":"","overlay-opacity":"","overlay-gradient":""}},"ast-content-background-meta":{"desktop":{"background-color":"var(--ast-global-color-5)","background-image":"","background-repeat":"repeat","background-position":"center center","background-size":"auto","background-attachment":"scroll","background-type":"","background-media":"","overlay-type":"","overlay-color":"","overlay-opacity":"","overlay-gradient":""},"tablet":{"background-color":"var(--ast-global-color-5)","background-image":"","background-repeat":"repeat","background-position":"center center","background-size":"auto","background-attachment":"scroll","background-type":"","background-media":"","overlay-type":"","overlay-color":"","overlay-opacity":"","overlay-gradient":""},"mobile":{"background-color":"var(--ast-global-color-5)","background-image":"","background-repeat":"repeat","background-position":"center center","background-size":"auto","background-attachment":"scroll","background-type":"","background-media":"","overlay-type":"","overlay-color":"","overlay-opacity":"","overlay-gradient":""}},"advanced_seo_description":"","jetpack_seo_html_title":"","jetpack_seo_noindex":false,"footnotes":""},"class_list":["post-3559","page","type-page","status-publish","hentry"],"jetpack_likes_enabled":true,"jetpack_sharing_enabled":true,"jetpack_shortlink":"https:\/\/wp.me\/PfZYWY-Vp","jetpack-related-posts":[{"id":3611,"url":"https:\/\/lynxemissions.com\/fr\/faq\/","url_meta":{"origin":3559,"position":0},"title":"FAQ","author":"markmartinez323ff74051","date":"25 septembre 2024","format":false,"excerpt":"Questions fr\u00e9quemment pos\u00e9es Tout ce que vous devez savoir Qui est Lynx Emissions? Depuis combien de temps \u00eates-vous en activit\u00e9 ? Nous sommes une entreprise bas\u00e9e \u00e0 Winnipeg, au Manitoba. Nous avons commenc\u00e9 sous le nom de The DPF Company en 2019 et avons chang\u00e9 de nom pour Lynx Emissions\u2026","rel":"","context":"Article similaire","block_context":{"text":"Article similaire","link":""},"img":{"alt_text":"","src":"","width":0,"height":0},"classes":[]},{"id":3602,"url":"https:\/\/lynxemissions.com\/fr\/nettoyage-du-dpf\/","url_meta":{"origin":3559,"position":1},"title":"Nettoyage du DPF","author":"markmartinez323ff74051","date":"12 septembre 2024","format":false,"excerpt":"SERVICE OR Restaure votre filtre jusqu'\u00e0 98%. Redonnez \u00e0 votre DPF l'aspect du neuf gr\u00e2ce \u00e0 notre processus unique de restauration de l'or. Restaurer mon DPF COMMENT \u00c7A MARCHE La solution la plus rapide \u00e0 votre probl\u00e8me \u00e0 long terme. Couteau \u00e0 air La suie accumul\u00e9e dans votre DPF est\u2026","rel":"","context":"Article similaire","block_context":{"text":"Article similaire","link":""},"img":{"alt_text":"","src":"https:\/\/i0.wp.com\/lynxemissions.com\/wp-content\/uploads\/2024\/09\/filter-cleaning-lynx-emissions-min.png?resize=350%2C200&ssl=1","width":350,"height":200,"srcset":"https:\/\/i0.wp.com\/lynxemissions.com\/wp-content\/uploads\/2024\/09\/filter-cleaning-lynx-emissions-min.png?resize=350%2C200&ssl=1 1x, https:\/\/i0.wp.com\/lynxemissions.com\/wp-content\/uploads\/2024\/09\/filter-cleaning-lynx-emissions-min.png?resize=525%2C300&ssl=1 1.5x, https:\/\/i0.wp.com\/lynxemissions.com\/wp-content\/uploads\/2024\/09\/filter-cleaning-lynx-emissions-min.png?resize=700%2C400&ssl=1 2x"},"classes":[]},{"id":3575,"url":"https:\/\/lynxemissions.com\/fr\/conditions-generales-dutilisation\/","url_meta":{"origin":3559,"position":2},"title":"Conditions g\u00e9n\u00e9rales d&rsquo;utilisation","author":"markmartinez323ff74051","date":"3 octobre 2024","format":false,"excerpt":"Conditions g\u00e9n\u00e9rales d'utilisation Cliquez ici pour obtenir une version PDF des conditions g\u00e9n\u00e9rales. Conditions g\u00e9n\u00e9rales d'utilisation Nous vous remercions d'avoir choisi Lynx Emissions. Tous les services offerts sont fournis sur la base de certaines d\u00e9clarations concernant l'\u00e9quipement, y compris le fait que vous avez utilis\u00e9 l'\u00e9quipement conform\u00e9ment aux sp\u00e9cifications du\u2026","rel":"","context":"Article similaire","block_context":{"text":"Article similaire","link":""},"img":{"alt_text":"","src":"","width":0,"height":0},"classes":[]},{"id":3551,"url":"https:\/\/lynxemissions.com\/fr\/solution-de-rincage\/","url_meta":{"origin":3559,"position":3},"title":"Solution de rin\u00e7age","author":"markmartinez323ff74051","date":"3 octobre 2024","format":false,"excerpt":"Sauvegarder semaines semaines de temps d'arr\u00eat en seulement 24 heures. Le moyen le plus propre de remettre votre flotte sur la route. Plus de 100 entreprises font confiance \u00e0 notre solution flush. Prenez rendez-vous Ne nous croyez pas sur parole. \u2605\u2605\u2605\u2605\u2605 \"Leur professionnalisme est incroyable lorsqu'il s'agit de traiter avec\u2026","rel":"","context":"Article similaire","block_context":{"text":"Article similaire","link":""},"img":{"alt_text":"","src":"https:\/\/i0.wp.com\/lynxemissions.com\/wp-content\/uploads\/2024\/10\/gardewine-min.png?resize=350%2C200&ssl=1","width":350,"height":200},"classes":[]},{"id":3803,"url":"https:\/\/lynxemissions.com\/fr\/a-propos-de\/","url_meta":{"origin":3559,"position":4},"title":"A propos de","author":"markmartinez323ff74051","date":"27 ao\u00fbt 2024","format":false,"excerpt":"Qui sommes-nous ? Lynx Emissions s'efforce d'\u00eatre votre partenaire de confiance pour les solutions DPF et de post-traitement pour tous les types de voitures, de camions, d'\u00e9quipements miniers et de machines industrielles. Notre mod\u00e8le d'entreprise repose sur l'id\u00e9e que les DPF et les composants de post-traitement ont une dur\u00e9e de\u2026","rel":"","context":"Article similaire","block_context":{"text":"Article similaire","link":""},"img":{"alt_text":"","src":"https:\/\/i0.wp.com\/lynxemissions.com\/wp-content\/uploads\/2024\/09\/about-us-lynx-emissions-2-min.png?resize=350%2C200&ssl=1","width":350,"height":200,"srcset":"https:\/\/i0.wp.com\/lynxemissions.com\/wp-content\/uploads\/2024\/09\/about-us-lynx-emissions-2-min.png?resize=350%2C200&ssl=1 1x, https:\/\/i0.wp.com\/lynxemissions.com\/wp-content\/uploads\/2024\/09\/about-us-lynx-emissions-2-min.png?resize=525%2C300&ssl=1 1.5x, https:\/\/i0.wp.com\/lynxemissions.com\/wp-content\/uploads\/2024\/09\/about-us-lynx-emissions-2-min.png?resize=700%2C400&ssl=1 2x, https:\/\/i0.wp.com\/lynxemissions.com\/wp-content\/uploads\/2024\/09\/about-us-lynx-emissions-2-min.png?resize=1050%2C600&ssl=1 3x, https:\/\/i0.wp.com\/lynxemissions.com\/wp-content\/uploads\/2024\/09\/about-us-lynx-emissions-2-min.png?resize=1400%2C800&ssl=1 4x"},"classes":[]},{"id":3620,"url":"https:\/\/lynxemissions.com\/fr\/capteurs\/","url_meta":{"origin":3559,"position":5},"title":"Capteurs","author":"markmartinez323ff74051","date":"10 octobre 2024","format":false,"excerpt":"Am\u00e9liorez les performances de vos moteurs diesel gr\u00e2ce \u00e0 des capteurs de NOx de haute qualit\u00e9. Le moyen le plus propre de remettre votre flotte sur la route. Plus de 100 entreprises font confiance \u00e0 notre solution flush. Prenez rendez-vous \u00c9conomies de co\u00fbts Les capteurs du march\u00e9 secondaire sont souvent\u2026","rel":"","context":"Article similaire","block_context":{"text":"Article similaire","link":""},"img":{"alt_text":"","src":"https:\/\/i0.wp.com\/lynxemissions.com\/wp-content\/uploads\/2024\/10\/lynx-emissions-sensor-3-min.jpg?resize=350%2C200","width":350,"height":200,"srcset":"https:\/\/i0.wp.com\/lynxemissions.com\/wp-content\/uploads\/2024\/10\/lynx-emissions-sensor-3-min.jpg?resize=350%2C200 1x, https:\/\/i0.wp.com\/lynxemissions.com\/wp-content\/uploads\/2024\/10\/lynx-emissions-sensor-3-min.jpg?resize=525%2C300 1.5x, https:\/\/i0.wp.com\/lynxemissions.com\/wp-content\/uploads\/2024\/10\/lynx-emissions-sensor-3-min.jpg?resize=700%2C400 2x, https:\/\/i0.wp.com\/lynxemissions.com\/wp-content\/uploads\/2024\/10\/lynx-emissions-sensor-3-min.jpg?resize=1050%2C600 3x, https:\/\/i0.wp.com\/lynxemissions.com\/wp-content\/uploads\/2024\/10\/lynx-emissions-sensor-3-min.jpg?resize=1400%2C800 4x"},"classes":[]}],"_links":{"self":[{"href":"https:\/\/lynxemissions.com\/fr\/wp-json\/wp\/v2\/pages\/3559","targetHints":{"allow":["GET"]}}],"collection":[{"href":"https:\/\/lynxemissions.com\/fr\/wp-json\/wp\/v2\/pages"}],"about":[{"href":"https:\/\/lynxemissions.com\/fr\/wp-json\/wp\/v2\/types\/page"}],"author":[{"embeddable":true,"href":"https:\/\/lynxemissions.com\/fr\/wp-json\/wp\/v2\/users\/253621833"}],"replies":[{"embeddable":true,"href":"https:\/\/lynxemissions.com\/fr\/wp-json\/wp\/v2\/comments?post=3559"}],"version-history":[{"count":2,"href":"https:\/\/lynxemissions.com\/fr\/wp-json\/wp\/v2\/pages\/3559\/revisions"}],"predecessor-version":[{"id":3561,"href":"https:\/\/lynxemissions.com\/fr\/wp-json\/wp\/v2\/pages\/3559\/revisions\/3561"}],"wp:attachment":[{"href":"https:\/\/lynxemissions.com\/fr\/wp-json\/wp\/v2\/media?parent=3559"}],"curies":[{"name":"wp","href":"https:\/\/api.w.org\/{rel}","templated":true}]}}